{"id":1783,"date":"2023-06-30T12:52:53","date_gmt":"2023-06-30T10:52:53","guid":{"rendered":"https:\/\/webdev.enzoingenieros.com\/?page_id=1783"},"modified":"2024-02-24T18:08:44","modified_gmt":"2024-02-24T17:08:44","slug":"aviso-legal","status":"publish","type":"page","link":"https:\/\/webdev.enzoingenieros.com\/?page_id=1783","title":{"rendered":"Aviso legal"},"content":{"rendered":"<div>\n<div>En cumplimiento del art\u00edculo 10 de la Ley 34\/2002, de 11 de julio, de Servicios de la Sociedad de la Informaci\u00f3n y Comercio Electr\u00f3nico (LSSICE) a continuaci\u00f3n se detallan los datos identificativos de la entidad:<\/div>\n<\/div>\n<div><\/div>\n<div><strong>Raz\u00f3n social:<\/strong>\u00a0Enzo Ingenieros, S.L.<\/div>\n<div><strong>CIF:<\/strong>\u00a0B16788846<\/div>\n<div><strong>Direcci\u00f3n:<\/strong>\u00a0Calle Rosal\u00eda de Castro, 121 &#8211; 30107 &#8211; Guadalupe &#8211; Murcia &#8211; Espa\u00f1a<\/div>\n<div><strong>Email:<\/strong> webdev@enzoingenieros.com<\/div>\n<div><\/div>\n<h4>FINALIDAD DE LA P\u00c1GINA WEB<\/h4>\n<div>\n<div>Informar sobre las actividades que desempe\u00f1a la empresa.<\/div>\n<\/div>\n<div><\/div>\n<div><\/div>\n<div>\n<div>\n<div>El presente aviso legal (en adelante, el \u00abAviso Legal\u00bb) regula el uso del sitio web: www.enzoingenieros.com<\/div>\n<\/div>\n<\/div>\n<h4>LEGISLACI\u00d3N<\/h4>\n<div>\n<div>Con car\u00e1cter general las relaciones entre ENZO INGENIEROS, S.L. y los Usuarios de sus servicios telem\u00e1ticos, presentes en este sitio web, se encuentran sometidas a la legislaci\u00f3n y jurisdicci\u00f3n espa\u00f1olas.<\/div>\n<\/div>\n<div><\/div>\n<div>\n<h4>USO Y ACCESO DE USUARIO<\/h4>\n<div>\n<div>El Usuario queda informado, y acepta, que el acceso a la presente web no supone, en modo alguno, el inicio de una relaci\u00f3n comercial con ENZO INGENIEROS, S.L. o cualquiera de sus delegaciones.<\/div>\n<\/div>\n<\/div>\n<div>\n<h4>PROPIEDAD INTELECTUAL E INDUSTRIAL<\/h4>\n<div>\n<div>Los derechos de propiedad intelectual del contenido de las p\u00e1ginas web, su dise\u00f1o gr\u00e1fico y c\u00f3digos son titularidad de ENZO INGENIEROS, S.L. y, por tanto, queda prohibida su reproducci\u00f3n, distribuci\u00f3n, comunicaci\u00f3n p\u00fablica, transformaci\u00f3n o cualquier otra actividad que se pueda realizar con los contenidos de sus p\u00e1ginas web ni aun citando las fuentes, salvo consentimiento por escrito de ENZO INGENIEROS, S.L.<\/div>\n<\/div>\n<div>\n<h4>CONTENIDO DE LA WEB Y ENLACES (LINKS)<\/h4>\n<div>\n<div>ENZO INGENIEROS, S.L. se reserva el derecho a actualizar, modificar o eliminar la informaci\u00f3n contenida en sus p\u00e1ginas web pudiendo incluso limitar o no permitir el acceso a dicha informaci\u00f3n a ciertos usuarios.<\/div>\n<div><\/div>\n<\/div>\n<\/div>\n<\/div>\n<div><\/div>\n<div>\n<hr \/>\n<\/div>\n<div>\n<div>\n<div><\/div>\n<div>ENZO INGENIEROS, S.L. no asume responsabilidad alguna por la informaci\u00f3n contenida en p\u00e1ginas web de terceros a las que se pueda acceder por \u00ablinks\u00bb o enlaces desde cualquier p\u00e1gina web propiedad de ENZO INGENIEROS, S.L. . La presencia de \u00ablinks\u00bb o enlaces en las p\u00e1ginas web de ENZO INGENIEROS, S.L. tiene finalidad meramente informativa y en ning\u00fan caso supone sugerencia, invitaci\u00f3n o recomendaci\u00f3n sobre los mismos.<\/div>\n<\/div>\n<\/div>\n","protected":false},"excerpt":{"rendered":"<p>En cumplimiento del art\u00edculo 10 de la Ley 34\/2002, de 11 de julio, de Servicios de la Sociedad de la Informaci\u00f3n y Comercio Electr\u00f3nico (LSSICE) a continuaci\u00f3n se detallan los datos identificativos de la entidad: Raz\u00f3n social:\u00a0Enzo Ingenieros, S.L. CIF:\u00a0B16788846 Direcci\u00f3n:\u00a0Calle Rosal\u00eda de Castro, 121 &#8211; 30107 &#8211; Guadalupe &#8211; Murcia &#8211; Espa\u00f1a Email: webdev@enzoingenieros.com &hellip;<\/p>\n<p class=\"read-more\"> <a class=\"\" href=\"https:\/\/webdev.enzoingenieros.com\/?page_id=1783\"> <span class=\"screen-reader-text\">Aviso legal<\/span> Leer m\u00e1s &raquo;<\/a><\/p>\n","protected":false},"author":1,"featured_media":0,"parent":0,"menu_order":0,"comment_status":"closed","ping_status":"closed","template":"","meta":{"_monsterinsights_skip_tracking":false,"_monsterinsights_sitenote_active":false,"_monsterinsights_sitenote_note":"","_monsterinsights_sitenote_category":0,"site-sidebar-layout":"default","site-content-layout":"default","ast-global-header-display":"","ast-main-header-display":"","ast-hfb-above-header-display":"","ast-hfb-below-header-display":"","ast-hfb-mobile-header-display":"","site-post-title":"","ast-breadcrumbs-content":"","ast-featured-img":"","footer-sml-layout":"","theme-transparent-header-meta":"","adv-header-id-meta":"","stick-header-meta":"","header-above-stick-meta":"","header-main-stick-meta":"","header-below-stick-meta":"","footnotes":""},"class_list":["post-1783","page","type-page","status-publish","hentry"],"yoast_head":"<!-- This site is optimized with the Yoast SEO Premium plugin v19.4 (Yoast SEO v19.9) - https:\/\/yoast.com\/wordpress\/plugins\/seo\/ -->\n<title>Aviso legal - Enzo Ingenieros Webdev<\/title>\n<meta name=\"robots\" content=\"index, follow, max-snippet:-1, max-image-preview:large, max-video-preview:-1\" \/>\n<link rel=\"canonical\" href=\"https:\/\/webdev.enzoingenieros.com\/?page_id=1783\" \/>\n<meta property=\"og:locale\" content=\"es_ES\" \/>\n<meta property=\"og:type\" content=\"article\" \/>\n<meta property=\"og:title\" content=\"Aviso legal\" \/>\n<meta property=\"og:description\" content=\"En cumplimiento del art\u00edculo 10 de la Ley 34\/2002, de 11 de julio, de Servicios de la Sociedad de la Informaci\u00f3n y Comercio Electr\u00f3nico (LSSICE) a continuaci\u00f3n se detallan los datos identificativos de la entidad: Raz\u00f3n social:\u00a0Enzo Ingenieros, S.L. CIF:\u00a0B16788846 Direcci\u00f3n:\u00a0Calle Rosal\u00eda de Castro, 121 &#8211; 30107 &#8211; Guadalupe &#8211; Murcia &#8211; Espa\u00f1a Email: webdev@enzoingenieros.com &hellip; Aviso legal Leer m\u00e1s &raquo;\" \/>\n<meta property=\"og:url\" content=\"https:\/\/webdev.enzoingenieros.com\/?page_id=1783\" \/>\n<meta property=\"og:site_name\" content=\"Enzo Ingenieros Webdev\" \/>\n<meta property=\"article:modified_time\" content=\"2024-02-24T17:08:44+00:00\" \/>\n<meta name=\"twitter:card\" content=\"summary_large_image\" \/>\n<meta name=\"twitter:label1\" content=\"Tiempo de lectura\" \/>\n\t<meta name=\"twitter:data1\" content=\"2 minutos\" \/>\n<script type=\"application\/ld+json\" class=\"yoast-schema-graph\">{\"@context\":\"https:\/\/schema.org\",\"@graph\":[{\"@type\":\"WebPage\",\"@id\":\"https:\/\/webdev.enzoingenieros.com\/?page_id=1783\",\"url\":\"https:\/\/webdev.enzoingenieros.com\/?page_id=1783\",\"name\":\"Aviso legal - Enzo Ingenieros Webdev\",\"isPartOf\":{\"@id\":\"https:\/\/webdev.enzoingenieros.com\/#website\"},\"datePublished\":\"2023-06-30T10:52:53+00:00\",\"dateModified\":\"2024-02-24T17:08:44+00:00\",\"breadcrumb\":{\"@id\":\"https:\/\/webdev.enzoingenieros.com\/?page_id=1783#breadcrumb\"},\"inLanguage\":\"es\",\"potentialAction\":[{\"@type\":\"ReadAction\",\"target\":[\"https:\/\/webdev.enzoingenieros.com\/?page_id=1783\"]}]},{\"@type\":\"BreadcrumbList\",\"@id\":\"https:\/\/webdev.enzoingenieros.com\/?page_id=1783#breadcrumb\",\"itemListElement\":[{\"@type\":\"ListItem\",\"position\":1,\"name\":\"Portada\",\"item\":\"https:\/\/webdev.enzoingenieros.com\/\"},{\"@type\":\"ListItem\",\"position\":2,\"name\":\"Aviso legal\"}]},{\"@type\":\"WebSite\",\"@id\":\"https:\/\/webdev.enzoingenieros.com\/#website\",\"url\":\"https:\/\/webdev.enzoingenieros.com\/\",\"name\":\"Enzo Ingenieros Webdev\",\"description\":\"\",\"publisher\":{\"@id\":\"https:\/\/webdev.enzoingenieros.com\/#organization\"},\"potentialAction\":[{\"@type\":\"SearchAction\",\"target\":{\"@type\":\"EntryPoint\",\"urlTemplate\":\"https:\/\/webdev.enzoingenieros.com\/?s={search_term_string}\"},\"query-input\":\"required name=search_term_string\"}],\"inLanguage\":\"es\"},{\"@type\":\"Organization\",\"@id\":\"https:\/\/webdev.enzoingenieros.com\/#organization\",\"name\":\"Enzo Ingenieros Webdev\",\"url\":\"https:\/\/webdev.enzoingenieros.com\/\",\"logo\":{\"@type\":\"ImageObject\",\"inLanguage\":\"es\",\"@id\":\"https:\/\/webdev.enzoingenieros.com\/#\/schema\/logo\/image\/\",\"url\":\"https:\/\/webdev.enzoingenieros.com\/wp-content\/uploads\/2023\/06\/logo_dark.png\",\"contentUrl\":\"https:\/\/webdev.enzoingenieros.com\/wp-content\/uploads\/2023\/06\/logo_dark.png\",\"width\":605,\"height\":373,\"caption\":\"Enzo Ingenieros Webdev\"},\"image\":{\"@id\":\"https:\/\/webdev.enzoingenieros.com\/#\/schema\/logo\/image\/\"}}]}<\/script>\n<!-- \/ Yoast SEO Premium plugin. -->","yoast_head_json":{"title":"Aviso legal - Enzo Ingenieros Webdev","robots":{"index":"index","follow":"follow","max-snippet":"max-snippet:-1","max-image-preview":"max-image-preview:large","max-video-preview":"max-video-preview:-1"},"canonical":"https:\/\/webdev.enzoingenieros.com\/?page_id=1783","og_locale":"es_ES","og_type":"article","og_title":"Aviso legal","og_description":"En cumplimiento del art\u00edculo 10 de la Ley 34\/2002, de 11 de julio, de Servicios de la Sociedad de la Informaci\u00f3n y Comercio Electr\u00f3nico (LSSICE) a continuaci\u00f3n se detallan los datos identificativos de la entidad: Raz\u00f3n social:\u00a0Enzo Ingenieros, S.L. CIF:\u00a0B16788846 Direcci\u00f3n:\u00a0Calle Rosal\u00eda de Castro, 121 &#8211; 30107 &#8211; Guadalupe &#8211; Murcia &#8211; Espa\u00f1a Email: webdev@enzoingenieros.com &hellip; Aviso legal Leer m\u00e1s &raquo;","og_url":"https:\/\/webdev.enzoingenieros.com\/?page_id=1783","og_site_name":"Enzo Ingenieros Webdev","article_modified_time":"2024-02-24T17:08:44+00:00","twitter_card":"summary_large_image","twitter_misc":{"Tiempo de lectura":"2 minutos"},"schema":{"@context":"https:\/\/schema.org","@graph":[{"@type":"WebPage","@id":"https:\/\/webdev.enzoingenieros.com\/?page_id=1783","url":"https:\/\/webdev.enzoingenieros.com\/?page_id=1783","name":"Aviso legal - Enzo Ingenieros Webdev","isPartOf":{"@id":"https:\/\/webdev.enzoingenieros.com\/#website"},"datePublished":"2023-06-30T10:52:53+00:00","dateModified":"2024-02-24T17:08:44+00:00","breadcrumb":{"@id":"https:\/\/webdev.enzoingenieros.com\/?page_id=1783#breadcrumb"},"inLanguage":"es","potentialAction":[{"@type":"ReadAction","target":["https:\/\/webdev.enzoingenieros.com\/?page_id=1783"]}]},{"@type":"BreadcrumbList","@id":"https:\/\/webdev.enzoingenieros.com\/?page_id=1783#breadcrumb","itemListElement":[{"@type":"ListItem","position":1,"name":"Portada","item":"https:\/\/webdev.enzoingenieros.com\/"},{"@type":"ListItem","position":2,"name":"Aviso legal"}]},{"@type":"WebSite","@id":"https:\/\/webdev.enzoingenieros.com\/#website","url":"https:\/\/webdev.enzoingenieros.com\/","name":"Enzo Ingenieros Webdev","description":"","publisher":{"@id":"https:\/\/webdev.enzoingenieros.com\/#organization"},"potentialAction":[{"@type":"SearchAction","target":{"@type":"EntryPoint","urlTemplate":"https:\/\/webdev.enzoingenieros.com\/?s={search_term_string}"},"query-input":"required name=search_term_string"}],"inLanguage":"es"},{"@type":"Organization","@id":"https:\/\/webdev.enzoingenieros.com\/#organization","name":"Enzo Ingenieros Webdev","url":"https:\/\/webdev.enzoingenieros.com\/","logo":{"@type":"ImageObject","inLanguage":"es","@id":"https:\/\/webdev.enzoingenieros.com\/#\/schema\/logo\/image\/","url":"https:\/\/webdev.enzoingenieros.com\/wp-content\/uploads\/2023\/06\/logo_dark.png","contentUrl":"https:\/\/webdev.enzoingenieros.com\/wp-content\/uploads\/2023\/06\/logo_dark.png","width":605,"height":373,"caption":"Enzo Ingenieros Webdev"},"image":{"@id":"https:\/\/webdev.enzoingenieros.com\/#\/schema\/logo\/image\/"}}]}},"_links":{"self":[{"href":"https:\/\/webdev.enzoingenieros.com\/index.php?rest_route=\/wp\/v2\/pages\/1783","targetHints":{"allow":["GET"]}}],"collection":[{"href":"https:\/\/webdev.enzoingenieros.com\/index.php?rest_route=\/wp\/v2\/pages"}],"about":[{"href":"https:\/\/webdev.enzoingenieros.com\/index.php?rest_route=\/wp\/v2\/types\/page"}],"author":[{"embeddable":true,"href":"https:\/\/webdev.enzoingenieros.com\/index.php?rest_route=\/wp\/v2\/users\/1"}],"replies":[{"embeddable":true,"href":"https:\/\/webdev.enzoingenieros.com\/index.php?rest_route=%2Fwp%2Fv2%2Fcomments&post=1783"}],"version-history":[{"count":2,"href":"https:\/\/webdev.enzoingenieros.com\/index.php?rest_route=\/wp\/v2\/pages\/1783\/revisions"}],"predecessor-version":[{"id":1902,"href":"https:\/\/webdev.enzoingenieros.com\/index.php?rest_route=\/wp\/v2\/pages\/1783\/revisions\/1902"}],"wp:attachment":[{"href":"https:\/\/webdev.enzoingenieros.com\/index.php?rest_route=%2Fwp%2Fv2%2Fmedia&parent=1783"}],"curies":[{"name":"wp","href":"https:\/\/api.w.org\/{rel}","templated":true}]}}