{"id":1780,"date":"2023-06-30T12:51:48","date_gmt":"2023-06-30T10:51:48","guid":{"rendered":"https:\/\/webdev.enzoingenieros.com\/?page_id=1780"},"modified":"2024-02-24T18:03:32","modified_gmt":"2024-02-24T17:03:32","slug":"declaracion-de-privacidad","status":"publish","type":"page","link":"https:\/\/webdev.enzoingenieros.com\/?page_id=1780","title":{"rendered":"Declaraci\u00f3n de privacidad"},"content":{"rendered":"\n<p><em>Esta declaraci\u00f3n de privacidad se aplica a los ciudadanos y residentes legales permanentes del Espacio Econ\u00f3mico Europeo y Suiza.<\/em><\/p>\n\n\n\n<p>En esta declaraci\u00f3n de privacidad, explicamos lo que hacemos con los datos que obtenemos sobre usted a trav\u00e9s de <a href=\"https:\/\/www.enzoingenieros.com\/\">https:\/\/www.enzoingenieros.com<\/a>. Le recomendamos que lea atentamente esta declaraci\u00f3n. En nuestro procesamiento cumplimos con los requisitos de la legislaci\u00f3n de privacidad. Lo que significa, entre otras cosas, que:<\/p>\n\n\n\n<ul class=\"wp-block-list\">\n<li>indicamos claramente los fines para los que procesamos los datos personales. Hacemos esto por medio de esta declaraci\u00f3n de privacidad.<\/li>\n\n\n\n<li>nos proponemos limitar nuestra recopilaci\u00f3n de datos personales a los datos personales necesarios para fines leg\u00edtimos;<\/li>\n\n\n\n<li>en primer lugar, solicitamos su consentimiento expl\u00edcito para el tratamiento de sus datos personales en los casos en que sea necesario.<\/li>\n\n\n\n<li>tomamos las medidas de seguridad adecuadas para proteger sus datos personales y tambi\u00e9n lo exigimos a las partes que procesan datos personales en nuestro nombre;<\/li>\n\n\n\n<li>respetamos su derecho a acceder, rectificar o cancelar sus datos personales previa solicitud.<\/li>\n<\/ul>\n\n\n\n<p>Si tiene alguna pregunta o quiere saber exactamente qu\u00e9 datos guardamos de usted, p\u00f3ngase en contacto con nosotros.<\/p>\n\n\n\n<h3 class=\"wp-block-heading\" id=\"h-1-proposito-datos-y-periodo-de-retencion\">1. Prop\u00f3sito, datos y periodo de retenci\u00f3n<\/h3>\n\n\n\n<p>Podemos recopilar o recibir informaci\u00f3n personal para un n\u00famero de prop\u00f3sitos relacionados con nuestras operaciones comerciales, que pueden incluir lo siguiente: (haga clic para expandir) &nbsp;<\/p>\n\n\n\n<h3 class=\"wp-block-heading\" id=\"h-1-1-recopilacion-y-analisis-de-estadisticas-para-la-mejora-de-la-web\">1.1 Recopilaci\u00f3n y an\u00e1lisis de estad\u00edsticas para la mejora de la web.<\/h3>\n\n\n\n<p>Para ello utilizamos los siguientes datos:<\/p>\n\n\n\n<ul class=\"wp-block-list\">\n<li>Direcci\u00f3n IP<\/li>\n\n\n\n<li>Localizaci\u00f3n<\/li>\n<\/ul>\n\n\n\n<p>La base sobre la que podemos procesar estos datos es:<\/p>\n\n\n\n<p><a target=\"_blank\" rel=\"noreferrer noopener\" href=\"https:\/\/cookiedatabase.org\/legal-bases\/#consent\">Tras la prestaci\u00f3n del consentimiento.<\/a><\/p>\n\n\n\n<p>Per\u00edodo de retenci\u00f3n<\/p>\n\n\n\n<p>Retendremos estos datos hasta que el servicio sea cancelado.<\/p>\n\n\n\n<h3 class=\"wp-block-heading\" id=\"h-2-cookies\">2. Cookies<\/h3>\n\n\n\n<p>Nuestra web utiliza cookies. Para m\u00e1s informaci\u00f3n acerca de las cookies, por favor consulte nuestra <a href=\"https:\/\/www.enzoingenieros.com\/declaracion-de-privacidad\/\">Pol\u00edtica de cookies<\/a>.&nbsp;<\/p>\n\n\n\n<p>Tenemos un Acuerdo de procesamiento de datos con Google.<\/p>\n\n\n\n<p>Google no puede utilizar los datos para otros servicios de Google.<\/p>\n\n\n\n<p>La inclusi\u00f3n de direcciones IP completas est\u00e1 bloqueada por nosotros.<\/p>\n\n\n\n<h3 class=\"wp-block-heading\" id=\"h-3-seguridad\">3. Seguridad<\/h3>\n\n\n\n<p>Estamos comprometidos con la seguridad de los datos personales. Tomamos las medidas de seguridad adecuadas para limitar el abuso y el acceso no autorizado a los datos personales. Esto asegura que s\u00f3lo las personas necesarias tengan acceso a sus datos, que el acceso a los datos est\u00e9 protegido y que nuestras medidas de seguridad sean revisadas regularmente.<\/p>\n\n\n\n<h3 class=\"wp-block-heading\" id=\"h-4-webs-de-terceros\">4. Webs de terceros<\/h3>\n\n\n\n<p>Esta declaraci\u00f3n de privacidad no se aplica a las webs de terceros conectados mediante enlaces en nuestra web. No podemos garantizar que estas terceras partes manejen sus datos personales de forma fiable o segura. Le recomendamos que lea las declaraciones de privacidad de estas webs antes de utilizarlos.<\/p>\n\n\n\n<h3 class=\"wp-block-heading\" id=\"h-5-modificaciones-de-esta-declaracion-de-privacidad\">5. Modificaciones de esta declaraci\u00f3n de privacidad<\/h3>\n\n\n\n<p>Nos reservamos el derecho de hacer enmiendas a esta declaraci\u00f3n de privacidad. Se recomienda que consulte esta declaraci\u00f3n de privacidad regularmente para estar al tanto de cualquier cambio. Adem\u00e1s, le informaremos activamente siempre que sea posible.<\/p>\n\n\n\n<h3 class=\"wp-block-heading\" id=\"h-6-acceso-y-modificacion-de-sus-datos\">6. Acceso y modificaci\u00f3n de sus datos<\/h3>\n\n\n\n<p>Si tiene alguna pregunta o desea saber qu\u00e9 datos personales tenemos sobre usted, p\u00f3ngase en contacto con nosotros. Puede ponerse en contacto con nosotros utilizando la siguiente informaci\u00f3n. Usted tiene los siguientes derechos:<\/p>\n\n\n\n<ul class=\"wp-block-list\">\n<li>Usted tiene derecho a saber por qu\u00e9 se necesitan sus datos personales, qu\u00e9 suceder\u00e1 con ellos y durante cu\u00e1nto tiempo se conservar\u00e1n.<\/li>\n\n\n\n<li>Derecho de acceso: Tiene derecho a acceder a los datos personales que conocemos sobre usted.<\/li>\n\n\n\n<li>Derecho de rectificaci\u00f3n: tiene derecho a completar, rectificar, borrar o bloquear sus datos personales cuando lo desee.<\/li>\n\n\n\n<li>Si usted nos da su consentimiento para procesar sus datos, tiene derecho a revocar dicho consentimiento y a que se eliminen sus datos personales.<\/li>\n\n\n\n<li>Derecho de cesi\u00f3n de sus datos: tiene derecho a solicitar todos sus datos personales al responsable y a transferirlos \u00edntegramente a otro responsable del tratamiento de datos.<\/li>\n\n\n\n<li>Derecho de oposici\u00f3n: usted puede oponerse al tratamiento de sus datos. Nosotros cumplimos con esto, a menos que existan motivos justificados para el procesamiento.<\/li>\n<\/ul>\n\n\n\n<p>Por favor, aseg\u00farese de indicar siempre claramente qui\u00e9n es usted, para que podamos estar seguros de que no modificamos o eliminamos ning\u00fan dato de la persona equivocada.<\/p>\n\n\n\n<h3 class=\"wp-block-heading\" id=\"h-7-enviando-una-reclamacion\">7. Enviando una reclamaci\u00f3n<\/h3>\n\n\n\n<p>Si no est\u00e1 satisfecho con la forma en que tratamos o procesamos sus datos personales, tiene derecho a presentar una queja a la Autoridad de protecci\u00f3n de datos.<\/p>\n\n\n\n<h3 class=\"wp-block-heading\" id=\"h-8-datos-de-contacto\">8. Datos de contacto<\/h3>\n\n\n\n<p>Enzo Ingenieros, S.L.<br>Calle Rosalia de Castro, 121<br>30107, Guadalupe<br>Murcia<br>Espa\u00f1a<br>Espa\u00f1a<br>Web: <a href=\"https:\/\/www.enzoingenieros.com\/\">https:\/\/webdev.enzoingenieros.com<\/a><br>Correo electr\u00f3nico: webdev@enzoingenieros.com<\/p>\n","protected":false},"excerpt":{"rendered":"<p>Esta declaraci\u00f3n de privacidad se aplica a los ciudadanos y residentes legales permanentes del Espacio Econ\u00f3mico Europeo y Suiza. En esta declaraci\u00f3n de privacidad, explicamos lo que hacemos con los datos que obtenemos sobre usted a trav\u00e9s de https:\/\/www.enzoingenieros.com. Le recomendamos que lea atentamente esta declaraci\u00f3n. En nuestro procesamiento cumplimos con los requisitos de la &hellip;<\/p>\n<p class=\"read-more\"> <a class=\"\" href=\"https:\/\/webdev.enzoingenieros.com\/?page_id=1780\"> <span class=\"screen-reader-text\">Declaraci\u00f3n de privacidad<\/span> Leer m\u00e1s &raquo;<\/a><\/p>\n","protected":false},"author":1,"featured_media":0,"parent":0,"menu_order":0,"comment_status":"closed","ping_status":"closed","template":"","meta":{"_monsterinsights_skip_tracking":false,"_monsterinsights_sitenote_active":false,"_monsterinsights_sitenote_note":"","_monsterinsights_sitenote_category":0,"site-sidebar-layout":"default","site-content-layout":"default","ast-global-header-display":"","ast-main-header-display":"","ast-hfb-above-header-display":"","ast-hfb-below-header-display":"","ast-hfb-mobile-header-display":"","site-post-title":"","ast-breadcrumbs-content":"","ast-featured-img":"","footer-sml-layout":"","theme-transparent-header-meta":"","adv-header-id-meta":"","stick-header-meta":"","header-above-stick-meta":"","header-main-stick-meta":"","header-below-stick-meta":"","footnotes":""},"class_list":["post-1780","page","type-page","status-publish","hentry"],"yoast_head":"<!-- This site is optimized with the Yoast SEO Premium plugin v19.4 (Yoast SEO v19.9) - https:\/\/yoast.com\/wordpress\/plugins\/seo\/ -->\n<title>Declaraci\u00f3n de privacidad - Enzo Ingenieros Webdev<\/title>\n<meta name=\"robots\" content=\"index, follow, max-snippet:-1, max-image-preview:large, max-video-preview:-1\" \/>\n<link rel=\"canonical\" href=\"https:\/\/webdev.enzoingenieros.com\/?page_id=1780\" \/>\n<meta property=\"og:locale\" content=\"es_ES\" \/>\n<meta property=\"og:type\" content=\"article\" \/>\n<meta property=\"og:title\" content=\"Declaraci\u00f3n de privacidad\" \/>\n<meta property=\"og:description\" content=\"Esta declaraci\u00f3n de privacidad se aplica a los ciudadanos y residentes legales permanentes del Espacio Econ\u00f3mico Europeo y Suiza. En esta declaraci\u00f3n de privacidad, explicamos lo que hacemos con los datos que obtenemos sobre usted a trav\u00e9s de https:\/\/www.enzoingenieros.com. Le recomendamos que lea atentamente esta declaraci\u00f3n. En nuestro procesamiento cumplimos con los requisitos de la &hellip; Declaraci\u00f3n de privacidad Leer m\u00e1s &raquo;\" \/>\n<meta property=\"og:url\" content=\"https:\/\/webdev.enzoingenieros.com\/?page_id=1780\" \/>\n<meta property=\"og:site_name\" content=\"Enzo Ingenieros Webdev\" \/>\n<meta property=\"article:modified_time\" content=\"2024-02-24T17:03:32+00:00\" \/>\n<meta name=\"twitter:card\" content=\"summary_large_image\" \/>\n<meta name=\"twitter:label1\" content=\"Tiempo de lectura\" \/>\n\t<meta name=\"twitter:data1\" content=\"4 minutos\" \/>\n<script type=\"application\/ld+json\" class=\"yoast-schema-graph\">{\"@context\":\"https:\/\/schema.org\",\"@graph\":[{\"@type\":\"WebPage\",\"@id\":\"https:\/\/webdev.enzoingenieros.com\/?page_id=1780\",\"url\":\"https:\/\/webdev.enzoingenieros.com\/?page_id=1780\",\"name\":\"Declaraci\u00f3n de privacidad - Enzo Ingenieros Webdev\",\"isPartOf\":{\"@id\":\"https:\/\/webdev.enzoingenieros.com\/#website\"},\"datePublished\":\"2023-06-30T10:51:48+00:00\",\"dateModified\":\"2024-02-24T17:03:32+00:00\",\"breadcrumb\":{\"@id\":\"https:\/\/webdev.enzoingenieros.com\/?page_id=1780#breadcrumb\"},\"inLanguage\":\"es\",\"potentialAction\":[{\"@type\":\"ReadAction\",\"target\":[\"https:\/\/webdev.enzoingenieros.com\/?page_id=1780\"]}]},{\"@type\":\"BreadcrumbList\",\"@id\":\"https:\/\/webdev.enzoingenieros.com\/?page_id=1780#breadcrumb\",\"itemListElement\":[{\"@type\":\"ListItem\",\"position\":1,\"name\":\"Portada\",\"item\":\"https:\/\/webdev.enzoingenieros.com\/\"},{\"@type\":\"ListItem\",\"position\":2,\"name\":\"Declaraci\u00f3n de privacidad\"}]},{\"@type\":\"WebSite\",\"@id\":\"https:\/\/webdev.enzoingenieros.com\/#website\",\"url\":\"https:\/\/webdev.enzoingenieros.com\/\",\"name\":\"Enzo Ingenieros Webdev\",\"description\":\"\",\"publisher\":{\"@id\":\"https:\/\/webdev.enzoingenieros.com\/#organization\"},\"potentialAction\":[{\"@type\":\"SearchAction\",\"target\":{\"@type\":\"EntryPoint\",\"urlTemplate\":\"https:\/\/webdev.enzoingenieros.com\/?s={search_term_string}\"},\"query-input\":\"required name=search_term_string\"}],\"inLanguage\":\"es\"},{\"@type\":\"Organization\",\"@id\":\"https:\/\/webdev.enzoingenieros.com\/#organization\",\"name\":\"Enzo Ingenieros Webdev\",\"url\":\"https:\/\/webdev.enzoingenieros.com\/\",\"logo\":{\"@type\":\"ImageObject\",\"inLanguage\":\"es\",\"@id\":\"https:\/\/webdev.enzoingenieros.com\/#\/schema\/logo\/image\/\",\"url\":\"https:\/\/webdev.enzoingenieros.com\/wp-content\/uploads\/2023\/06\/logo_dark.png\",\"contentUrl\":\"https:\/\/webdev.enzoingenieros.com\/wp-content\/uploads\/2023\/06\/logo_dark.png\",\"width\":605,\"height\":373,\"caption\":\"Enzo Ingenieros Webdev\"},\"image\":{\"@id\":\"https:\/\/webdev.enzoingenieros.com\/#\/schema\/logo\/image\/\"}}]}<\/script>\n<!-- \/ Yoast SEO Premium plugin. -->","yoast_head_json":{"title":"Declaraci\u00f3n de privacidad - Enzo Ingenieros Webdev","robots":{"index":"index","follow":"follow","max-snippet":"max-snippet:-1","max-image-preview":"max-image-preview:large","max-video-preview":"max-video-preview:-1"},"canonical":"https:\/\/webdev.enzoingenieros.com\/?page_id=1780","og_locale":"es_ES","og_type":"article","og_title":"Declaraci\u00f3n de privacidad","og_description":"Esta declaraci\u00f3n de privacidad se aplica a los ciudadanos y residentes legales permanentes del Espacio Econ\u00f3mico Europeo y Suiza. En esta declaraci\u00f3n de privacidad, explicamos lo que hacemos con los datos que obtenemos sobre usted a trav\u00e9s de https:\/\/www.enzoingenieros.com. Le recomendamos que lea atentamente esta declaraci\u00f3n. En nuestro procesamiento cumplimos con los requisitos de la &hellip; Declaraci\u00f3n de privacidad Leer m\u00e1s &raquo;","og_url":"https:\/\/webdev.enzoingenieros.com\/?page_id=1780","og_site_name":"Enzo Ingenieros Webdev","article_modified_time":"2024-02-24T17:03:32+00:00","twitter_card":"summary_large_image","twitter_misc":{"Tiempo de lectura":"4 minutos"},"schema":{"@context":"https:\/\/schema.org","@graph":[{"@type":"WebPage","@id":"https:\/\/webdev.enzoingenieros.com\/?page_id=1780","url":"https:\/\/webdev.enzoingenieros.com\/?page_id=1780","name":"Declaraci\u00f3n de privacidad - Enzo Ingenieros Webdev","isPartOf":{"@id":"https:\/\/webdev.enzoingenieros.com\/#website"},"datePublished":"2023-06-30T10:51:48+00:00","dateModified":"2024-02-24T17:03:32+00:00","breadcrumb":{"@id":"https:\/\/webdev.enzoingenieros.com\/?page_id=1780#breadcrumb"},"inLanguage":"es","potentialAction":[{"@type":"ReadAction","target":["https:\/\/webdev.enzoingenieros.com\/?page_id=1780"]}]},{"@type":"BreadcrumbList","@id":"https:\/\/webdev.enzoingenieros.com\/?page_id=1780#breadcrumb","itemListElement":[{"@type":"ListItem","position":1,"name":"Portada","item":"https:\/\/webdev.enzoingenieros.com\/"},{"@type":"ListItem","position":2,"name":"Declaraci\u00f3n de privacidad"}]},{"@type":"WebSite","@id":"https:\/\/webdev.enzoingenieros.com\/#website","url":"https:\/\/webdev.enzoingenieros.com\/","name":"Enzo Ingenieros Webdev","description":"","publisher":{"@id":"https:\/\/webdev.enzoingenieros.com\/#organization"},"potentialAction":[{"@type":"SearchAction","target":{"@type":"EntryPoint","urlTemplate":"https:\/\/webdev.enzoingenieros.com\/?s={search_term_string}"},"query-input":"required name=search_term_string"}],"inLanguage":"es"},{"@type":"Organization","@id":"https:\/\/webdev.enzoingenieros.com\/#organization","name":"Enzo Ingenieros Webdev","url":"https:\/\/webdev.enzoingenieros.com\/","logo":{"@type":"ImageObject","inLanguage":"es","@id":"https:\/\/webdev.enzoingenieros.com\/#\/schema\/logo\/image\/","url":"https:\/\/webdev.enzoingenieros.com\/wp-content\/uploads\/2023\/06\/logo_dark.png","contentUrl":"https:\/\/webdev.enzoingenieros.com\/wp-content\/uploads\/2023\/06\/logo_dark.png","width":605,"height":373,"caption":"Enzo Ingenieros Webdev"},"image":{"@id":"https:\/\/webdev.enzoingenieros.com\/#\/schema\/logo\/image\/"}}]}},"_links":{"self":[{"href":"https:\/\/webdev.enzoingenieros.com\/index.php?rest_route=\/wp\/v2\/pages\/1780","targetHints":{"allow":["GET"]}}],"collection":[{"href":"https:\/\/webdev.enzoingenieros.com\/index.php?rest_route=\/wp\/v2\/pages"}],"about":[{"href":"https:\/\/webdev.enzoingenieros.com\/index.php?rest_route=\/wp\/v2\/types\/page"}],"author":[{"embeddable":true,"href":"https:\/\/webdev.enzoingenieros.com\/index.php?rest_route=\/wp\/v2\/users\/1"}],"replies":[{"embeddable":true,"href":"https:\/\/webdev.enzoingenieros.com\/index.php?rest_route=%2Fwp%2Fv2%2Fcomments&post=1780"}],"version-history":[{"count":2,"href":"https:\/\/webdev.enzoingenieros.com\/index.php?rest_route=\/wp\/v2\/pages\/1780\/revisions"}],"predecessor-version":[{"id":1901,"href":"https:\/\/webdev.enzoingenieros.com\/index.php?rest_route=\/wp\/v2\/pages\/1780\/revisions\/1901"}],"wp:attachment":[{"href":"https:\/\/webdev.enzoingenieros.com\/index.php?rest_route=%2Fwp%2Fv2%2Fmedia&parent=1780"}],"curies":[{"name":"wp","href":"https:\/\/api.w.org\/{rel}","templated":true}]}}